{"id":2878,"date":"2008-03-26T10:55:07","date_gmt":"2008-03-26T08:55:07","guid":{"rendered":"https:\/\/onurgozupek.com\/contact\/"},"modified":"2018-02-13T00:52:03","modified_gmt":"2018-02-12T21:52:03","slug":"contact","status":"publish","type":"page","link":"https:\/\/onurgozupek.com\/en\/contact\/","title":{"rendered":"Contact"},"content":{"rendered":"<p>You can reach me from the social media accounts below,\u00a0send your e-mails to\u00a0<strong>onur (at) gozupek.com<\/strong>\u00a0or use the contact form below.<\/p>\n[include-page id=&#8221;2033&#8243;]\n<p>&nbsp;<br \/>\nI try to respond your questions or requests within 1-2 days. If you need a faster response please use the <strong>Contact for<\/strong> button on <a href=\"https:\/\/earn.com\/onurgozupek\" target=\"_blank\">earn.com\/onurgozupek<\/a> or send 0.0005Bitcoin \/ 1Waves \/ 0.0055Ethereum (which&#8217;s is ok for you) to related address in right column and paste the TXID to the form field.<\/p>\n\n<div class=\"wpcf7 no-js\" id=\"wpcf7-f2823-o1\" lang=\"en-US\" dir=\"ltr\" data-wpcf7-id=\"2823\">\n<div class=\"screen-reader-response\"><p role=\"status\" aria-live=\"polite\" aria-atomic=\"true\"><\/p> <ul><\/ul><\/div>\n<form action=\"\/en\/wp-json\/wp\/v2\/pages\/2878#wpcf7-f2823-o1\" method=\"post\" class=\"wpcf7-form init\" aria-label=\"Contact form\" novalidate=\"novalidate\" data-status=\"init\">\n<fieldset class=\"hidden-fields-container\"><input type=\"hidden\" name=\"_wpcf7\" value=\"2823\" \/><input type=\"hidden\" name=\"_wpcf7_version\" value=\"6.1.5\" \/><input type=\"hidden\" name=\"_wpcf7_locale\" value=\"en_US\" \/><input type=\"hidden\" name=\"_wpcf7_unit_tag\" value=\"wpcf7-f2823-o1\" \/><input type=\"hidden\" name=\"_wpcf7_container_post\" value=\"0\" \/><input type=\"hidden\" name=\"_wpcf7_posted_data_hash\" value=\"\" \/>\n<\/fieldset>\n<p><label>Name (required)<br \/>\n<span class=\"wpcf7-form-control-wrap\" data-name=\"your-name\"><input size=\"40\" maxlength=\"400\" class=\"wpcf7-form-control wpcf7-text wpcf7-validates-as-required\" aria-required=\"true\" aria-invalid=\"false\" value=\"\" type=\"text\" name=\"your-name\" \/><\/span> <\/label>\n<\/p>\n<p><label>E-Mail Address (required)<br \/>\n<span class=\"wpcf7-form-control-wrap\" data-name=\"your-email\"><input size=\"40\" maxlength=\"400\" class=\"wpcf7-form-control wpcf7-email wpcf7-validates-as-required wpcf7-text wpcf7-validates-as-email\" aria-required=\"true\" aria-invalid=\"false\" value=\"\" type=\"email\" name=\"your-email\" \/><\/span> <\/label>\n<\/p>\n<p><label>Subject<br \/>\n<span class=\"wpcf7-form-control-wrap\" data-name=\"your-subject\"><input size=\"40\" maxlength=\"400\" class=\"wpcf7-form-control wpcf7-text\" aria-invalid=\"false\" value=\"\" type=\"text\" name=\"your-subject\" \/><\/span> <\/label>\n<\/p>\n<p><label>Transfer Code (TXID) - optional<br \/>\n<span class=\"wpcf7-form-control-wrap\" data-name=\"txid\"><input size=\"40\" maxlength=\"400\" class=\"wpcf7-form-control wpcf7-text\" aria-invalid=\"false\" value=\"\" type=\"text\" name=\"txid\" \/><\/span> <\/label>\n<\/p>\n<p><label>Message<br \/>\n<span class=\"wpcf7-form-control-wrap\" data-name=\"your-message\"><textarea cols=\"40\" rows=\"10\" maxlength=\"2000\" class=\"wpcf7-form-control wpcf7-textarea wpcf7-validates-as-required\" aria-required=\"true\" aria-invalid=\"false\" name=\"your-message\"><\/textarea><\/span> <\/label>\n<\/p>\n<p><input class=\"wpcf7-form-control wpcf7-submit has-spinner button\" type=\"submit\" value=\"Send\" \/>\n<\/p><p style=\"display: none !important;\" class=\"akismet-fields-container\" data-prefix=\"_wpcf7_ak_\"><label>&#916;<textarea name=\"_wpcf7_ak_hp_textarea\" cols=\"45\" rows=\"8\" maxlength=\"100\"><\/textarea><\/label><input type=\"hidden\" id=\"ak_js_1\" name=\"_wpcf7_ak_js\" value=\"234\"\/><script data-jetpack-boost=\"ignore\">document.getElementById( \"ak_js_1\" ).setAttribute( \"value\", ( new Date() ).getTime() );<\/script><\/p><div class=\"wpcf7-response-output\" aria-hidden=\"true\"><\/div>\n<\/form>\n<\/div>\n\n","protected":false},"excerpt":{"rendered":"<p>You can reach me from the social media accounts below,\u00a0send your e-mails to\u00a0onur (at) gozupek.com\u00a0or use the contact form below. [include-page id=&#8221;2033&#8243;] &nbsp; I try to respond your questions or requests within 1-2 days. If you need a faster response please use the Contact for button on earn.com\/onurgozupek or send 0.0005Bitcoin \/ 1Waves \/ 0.0055Ethereum... <br \/><a class=\"moretag\" href=\"https:\/\/onurgozupek.com\/en\/contact\/\">Continue reading...<\/a>","protected":false},"author":1,"featured_media":0,"parent":0,"menu_order":0,"comment_status":"closed","ping_status":"closed","template":"","meta":{"jetpack_post_was_ever_published":false,"footnotes":""},"class_list":["post-2878","page","type-page","status-publish","hentry"],"yoast_head":"<!-- This site is optimized with the Yoast SEO plugin v27.4 - https:\/\/yoast.com\/product\/yoast-seo-wordpress\/ -->\n<title>Contact - Onur G\u00f6z\u00fcpek<\/title>\n<meta name=\"robots\" content=\"index, follow, max-snippet:-1, max-image-preview:large, max-video-preview:-1\" \/>\n<link rel=\"canonical\" href=\"https:\/\/onurgozupek.com\/en\/contact\/\" \/>\n<meta property=\"og:locale\" content=\"en_US\" \/>\n<meta property=\"og:type\" content=\"article\" \/>\n<meta property=\"og:title\" content=\"Contact - Onur G\u00f6z\u00fcpek\" \/>\n<meta property=\"og:description\" content=\"You can reach me from the social media accounts below,\u00a0send your e-mails to\u00a0onur (at) gozupek.com\u00a0or use the contact form below. [include-page id=&#8221;2033&#8243;] &nbsp; I try to respond your questions or requests within 1-2 days. If you need a faster response please use the Contact for button on earn.com\/onurgozupek or send 0.0005Bitcoin \/ 1Waves \/ 0.0055Ethereum\" \/>\n<meta property=\"og:url\" content=\"https:\/\/onurgozupek.com\/en\/contact\/\" \/>\n<meta property=\"og:site_name\" content=\"Onur G\u00f6z\u00fcpek\" \/>\n<meta property=\"article:modified_time\" content=\"2018-02-12T21:52:03+00:00\" \/>\n<meta name=\"twitter:card\" content=\"summary_large_image\" \/>\n<script type=\"application\/ld+json\" class=\"yoast-schema-graph\">{\"@context\":\"https:\\\/\\\/schema.org\",\"@graph\":[{\"@type\":\"WebPage\",\"@id\":\"https:\\\/\\\/onurgozupek.com\\\/en\\\/contact\\\/\",\"url\":\"https:\\\/\\\/onurgozupek.com\\\/en\\\/contact\\\/\",\"name\":\"Contact - Onur G\u00f6z\u00fcpek\",\"isPartOf\":{\"@id\":\"https:\\\/\\\/onurgozupek.com\\\/#website\"},\"datePublished\":\"2008-03-26T08:55:07+00:00\",\"dateModified\":\"2018-02-12T21:52:03+00:00\",\"breadcrumb\":{\"@id\":\"https:\\\/\\\/onurgozupek.com\\\/en\\\/contact\\\/#breadcrumb\"},\"inLanguage\":\"en-US\",\"potentialAction\":[{\"@type\":\"ReadAction\",\"target\":[\"https:\\\/\\\/onurgozupek.com\\\/en\\\/contact\\\/\"]}]},{\"@type\":\"BreadcrumbList\",\"@id\":\"https:\\\/\\\/onurgozupek.com\\\/en\\\/contact\\\/#breadcrumb\",\"itemListElement\":[{\"@type\":\"ListItem\",\"position\":1,\"name\":\"Ana sayfa\",\"item\":\"https:\\\/\\\/onurgozupek.com\\\/\"},{\"@type\":\"ListItem\",\"position\":2,\"name\":\"Contact\"}]},{\"@type\":\"WebSite\",\"@id\":\"https:\\\/\\\/onurgozupek.com\\\/#website\",\"url\":\"https:\\\/\\\/onurgozupek.com\\\/\",\"name\":\"Onur G\u00f6z\u00fcpek\",\"description\":\"Bili\u015fim Doktoru, kriptopara merakl\u0131s\u0131, teknoloji tutkunu\",\"potentialAction\":[{\"@type\":\"SearchAction\",\"target\":{\"@type\":\"EntryPoint\",\"urlTemplate\":\"https:\\\/\\\/onurgozupek.com\\\/?s={search_term_string}\"},\"query-input\":{\"@type\":\"PropertyValueSpecification\",\"valueRequired\":true,\"valueName\":\"search_term_string\"}}],\"inLanguage\":\"en-US\"}]}<\/script>\n<!-- \/ Yoast SEO plugin. -->","yoast_head_json":{"title":"Contact - Onur G\u00f6z\u00fcpek","robots":{"index":"index","follow":"follow","max-snippet":"max-snippet:-1","max-image-preview":"max-image-preview:large","max-video-preview":"max-video-preview:-1"},"canonical":"https:\/\/onurgozupek.com\/en\/contact\/","og_locale":"en_US","og_type":"article","og_title":"Contact - Onur G\u00f6z\u00fcpek","og_description":"You can reach me from the social media accounts below,\u00a0send your e-mails to\u00a0onur (at) gozupek.com\u00a0or use the contact form below. [include-page id=&#8221;2033&#8243;] &nbsp; I try to respond your questions or requests within 1-2 days. If you need a faster response please use the Contact for button on earn.com\/onurgozupek or send 0.0005Bitcoin \/ 1Waves \/ 0.0055Ethereum","og_url":"https:\/\/onurgozupek.com\/en\/contact\/","og_site_name":"Onur G\u00f6z\u00fcpek","article_modified_time":"2018-02-12T21:52:03+00:00","twitter_card":"summary_large_image","schema":{"@context":"https:\/\/schema.org","@graph":[{"@type":"WebPage","@id":"https:\/\/onurgozupek.com\/en\/contact\/","url":"https:\/\/onurgozupek.com\/en\/contact\/","name":"Contact - Onur G\u00f6z\u00fcpek","isPartOf":{"@id":"https:\/\/onurgozupek.com\/#website"},"datePublished":"2008-03-26T08:55:07+00:00","dateModified":"2018-02-12T21:52:03+00:00","breadcrumb":{"@id":"https:\/\/onurgozupek.com\/en\/contact\/#breadcrumb"},"inLanguage":"en-US","potentialAction":[{"@type":"ReadAction","target":["https:\/\/onurgozupek.com\/en\/contact\/"]}]},{"@type":"BreadcrumbList","@id":"https:\/\/onurgozupek.com\/en\/contact\/#breadcrumb","itemListElement":[{"@type":"ListItem","position":1,"name":"Ana sayfa","item":"https:\/\/onurgozupek.com\/"},{"@type":"ListItem","position":2,"name":"Contact"}]},{"@type":"WebSite","@id":"https:\/\/onurgozupek.com\/#website","url":"https:\/\/onurgozupek.com\/","name":"Onur G\u00f6z\u00fcpek","description":"Bili\u015fim Doktoru, kriptopara merakl\u0131s\u0131, teknoloji tutkunu","potentialAction":[{"@type":"SearchAction","target":{"@type":"EntryPoint","urlTemplate":"https:\/\/onurgozupek.com\/?s={search_term_string}"},"query-input":{"@type":"PropertyValueSpecification","valueRequired":true,"valueName":"search_term_string"}}],"inLanguage":"en-US"}]}},"jetpack_sharing_enabled":true,"jetpack_shortlink":"https:\/\/wp.me\/P78VuG-Kq","jetpack-related-posts":[],"_links":{"self":[{"href":"https:\/\/onurgozupek.com\/en\/wp-json\/wp\/v2\/pages\/2878","targetHints":{"allow":["GET"]}}],"collection":[{"href":"https:\/\/onurgozupek.com\/en\/wp-json\/wp\/v2\/pages"}],"about":[{"href":"https:\/\/onurgozupek.com\/en\/wp-json\/wp\/v2\/types\/page"}],"author":[{"embeddable":true,"href":"https:\/\/onurgozupek.com\/en\/wp-json\/wp\/v2\/users\/1"}],"replies":[{"embeddable":true,"href":"https:\/\/onurgozupek.com\/en\/wp-json\/wp\/v2\/comments?post=2878"}],"version-history":[{"count":2,"href":"https:\/\/onurgozupek.com\/en\/wp-json\/wp\/v2\/pages\/2878\/revisions"}],"predecessor-version":[{"id":3302,"href":"https:\/\/onurgozupek.com\/en\/wp-json\/wp\/v2\/pages\/2878\/revisions\/3302"}],"wp:attachment":[{"href":"https:\/\/onurgozupek.com\/en\/wp-json\/wp\/v2\/media?parent=2878"}],"curies":[{"name":"wp","href":"https:\/\/api.w.org\/{rel}","templated":true}]}}