{"id":2875,"date":"2007-08-08T17:20:37","date_gmt":"2007-08-08T14:20:37","guid":{"rendered":"https:\/\/onurgozupek.com\/about\/"},"modified":"2020-01-27T12:17:41","modified_gmt":"2020-01-27T09:17:41","slug":"about","status":"publish","type":"page","link":"https:\/\/onurgozupek.com\/en\/about\/","title":{"rendered":"About"},"content":{"rendered":"<p><img data-recalc-dims=\"1\" loading=\"lazy\" decoding=\"async\" class=\"size-full wp-image-2620 alignright\" style=\"margin: 10px; float: right;\" title=\"Onur G\u00f6z\u00fcpek\" src=\"https:\/\/i0.wp.com\/www.onurgozupek.com\/wp-content\/uploads\/2015\/08\/onur_256x256.jpg?resize=256%2C256\" alt=\"Onur G\u00f6z\u00fcpek\" width=\"256\" height=\"256\" \/><\/p>\n<p style=\"text-align: justify;\">Hello,<\/p>\n<p>I was born in 1981 in Gemlik, district of Bursa. My uncle wanted my name &#8220;to live as his name&#8221; as Onur <em>(Onur means honour in English)<\/em> My father didn&#8217;t discourage him. From the second class to end of high school was in Gemlik. In one of his poems Orhan Veli said &#8220;Towards Gemlik \/ You&#8217;ll see the sea \/ Don&#8217;t be surprised&#8221;. I followed his advice and grow up in that city. In 1992 I have attended the examination for Anatolian High School, but I learned that the examination question books were stolen. (I remembered Orhan Veli and didn&#8217;t disappoint) After the examination was repeated, I attended to Gemlik Celal Bayar Anatolian High School and treated 7 years of my life. After graduation in 1999 the life presented me another game: The question books of university examination were stolen too. (But this time I was lucky because question books were stolen before the examination. How much Orhan Veli was right? It&#8217;s the faith of people born in 1991 that they will attend twice to the important examinations which will affect their life. Don&#8217;t need to be surprised.)<\/p>\n<p style=\"text-align: justify;\">The next time I attended the examination in 2000 and I was able to attend Selcuk University Faculty of Communications School of Journalism. I presented another 4 years as a university student in Konya.<\/p>\n<p style=\"text-align: justify;\">After attending Selcuk University Faculty of Communications;<br \/>\n1. I had chance to meet various famous people,<br \/>\n2. I had chance to ask question at a live broadcasting show named EkoDiyalog on NTV channel,<br \/>\n3. I&#8217;m honoured with communicating people who are well known in communication business,<br \/>\n4. I discovered that there are good universities besides Istanbul and Ankara,<br \/>\n5. &#8230; the most and the best I learned what is communication and how to communicate.<\/p>\n<p style=\"text-align: justify;\">After 4 years of education, I came back to home with the title of graduate of Selcuk University School of Communication. I was sad to leave friends who I had been close in these years, I was feeling great because of having the title of &#8220;graduated from university&#8221;. Next, I have to clear the biggest obstruction of my life: military duty. After accomplishing military duty, I was please to be happy and joyful as I used to be. Fredooooom! \ud83d\ude42<\/p>\n<p style=\"text-align: justify;\">Year 2020<\/p>\n<p>I&#8217;m interested in crypto currencies for a while. I gave trainings about Bitcoin and crypto currencies. I&#8217;m working as cryptocurrency advisor at <a href=\"https:\/\/www.btcturk.com\" target=\"_blank\" rel=\"noopener noreferrer\">BtcTurk<\/a>, Turkey&#8217;s first cryptocurrency Exchange. I believe crypto currencies will be a big part of our lives in future. Bitcoin offers you a financial freedom. If you are interested in catching this opportunity, please contact me using the form on contact page.<\/p>\n<p>My social media accounts:<br \/>\n[include-page id=&#8221;2033&#8243;]\n<\/p>","protected":false},"excerpt":{"rendered":"<p>Hello, I was born in 1981 in Gemlik, district of Bursa. My uncle wanted my name &#8220;to live as his name&#8221; as Onur (Onur means honour in English) My father didn&#8217;t discourage him. From the second class to end of high school was in Gemlik. In one of his poems Orhan Veli said &#8220;Towards Gemlik... <br \/><a class=\"moretag\" href=\"https:\/\/onurgozupek.com\/en\/about\/\">Continue reading...<\/a>","protected":false},"author":1,"featured_media":0,"parent":0,"menu_order":0,"comment_status":"closed","ping_status":"open","template":"","meta":{"jetpack_post_was_ever_published":false,"footnotes":""},"class_list":["post-2875","page","type-page","status-publish","hentry"],"yoast_head":"<!-- This site is optimized with the Yoast SEO plugin v27.4 - https:\/\/yoast.com\/product\/yoast-seo-wordpress\/ -->\n<title>About - Onur G\u00f6z\u00fcpek<\/title>\n<meta name=\"robots\" content=\"index, follow, max-snippet:-1, max-image-preview:large, max-video-preview:-1\" \/>\n<link rel=\"canonical\" href=\"https:\/\/onurgozupek.com\/en\/about\/\" \/>\n<meta property=\"og:locale\" content=\"en_US\" \/>\n<meta property=\"og:type\" content=\"article\" \/>\n<meta property=\"og:title\" content=\"About - Onur G\u00f6z\u00fcpek\" \/>\n<meta property=\"og:description\" content=\"Hello, I was born in 1981 in Gemlik, district of Bursa. My uncle wanted my name &#8220;to live as his name&#8221; as Onur (Onur means honour in English) My father didn&#8217;t discourage him. From the second class to end of high school was in Gemlik. In one of his poems Orhan Veli said &#8220;Towards Gemlik\" \/>\n<meta property=\"og:url\" content=\"https:\/\/onurgozupek.com\/en\/about\/\" \/>\n<meta property=\"og:site_name\" content=\"Onur G\u00f6z\u00fcpek\" \/>\n<meta property=\"article:modified_time\" content=\"2020-01-27T09:17:41+00:00\" \/>\n<meta property=\"og:image\" content=\"http:\/\/www.onurgozupek.com\/wp-content\/uploads\/2015\/08\/onur_256x256.jpg\" \/>\n<meta name=\"twitter:card\" content=\"summary_large_image\" \/>\n<meta name=\"twitter:label1\" content=\"Est. reading time\" \/>\n\t<meta name=\"twitter:data1\" content=\"2 minutes\" \/>\n<script type=\"application\/ld+json\" class=\"yoast-schema-graph\">{\"@context\":\"https:\\\/\\\/schema.org\",\"@graph\":[{\"@type\":\"WebPage\",\"@id\":\"https:\\\/\\\/onurgozupek.com\\\/en\\\/about\\\/\",\"url\":\"https:\\\/\\\/onurgozupek.com\\\/en\\\/about\\\/\",\"name\":\"About - Onur G\u00f6z\u00fcpek\",\"isPartOf\":{\"@id\":\"https:\\\/\\\/onurgozupek.com\\\/#website\"},\"primaryImageOfPage\":{\"@id\":\"https:\\\/\\\/onurgozupek.com\\\/en\\\/about\\\/#primaryimage\"},\"image\":{\"@id\":\"https:\\\/\\\/onurgozupek.com\\\/en\\\/about\\\/#primaryimage\"},\"thumbnailUrl\":\"http:\\\/\\\/www.onurgozupek.com\\\/wp-content\\\/uploads\\\/2015\\\/08\\\/onur_256x256.jpg\",\"datePublished\":\"2007-08-08T14:20:37+00:00\",\"dateModified\":\"2020-01-27T09:17:41+00:00\",\"breadcrumb\":{\"@id\":\"https:\\\/\\\/onurgozupek.com\\\/en\\\/about\\\/#breadcrumb\"},\"inLanguage\":\"en-US\",\"potentialAction\":[{\"@type\":\"ReadAction\",\"target\":[\"https:\\\/\\\/onurgozupek.com\\\/en\\\/about\\\/\"]}]},{\"@type\":\"ImageObject\",\"inLanguage\":\"en-US\",\"@id\":\"https:\\\/\\\/onurgozupek.com\\\/en\\\/about\\\/#primaryimage\",\"url\":\"http:\\\/\\\/www.onurgozupek.com\\\/wp-content\\\/uploads\\\/2015\\\/08\\\/onur_256x256.jpg\",\"contentUrl\":\"http:\\\/\\\/www.onurgozupek.com\\\/wp-content\\\/uploads\\\/2015\\\/08\\\/onur_256x256.jpg\"},{\"@type\":\"BreadcrumbList\",\"@id\":\"https:\\\/\\\/onurgozupek.com\\\/en\\\/about\\\/#breadcrumb\",\"itemListElement\":[{\"@type\":\"ListItem\",\"position\":1,\"name\":\"Ana sayfa\",\"item\":\"https:\\\/\\\/onurgozupek.com\\\/\"},{\"@type\":\"ListItem\",\"position\":2,\"name\":\"About\"}]},{\"@type\":\"WebSite\",\"@id\":\"https:\\\/\\\/onurgozupek.com\\\/#website\",\"url\":\"https:\\\/\\\/onurgozupek.com\\\/\",\"name\":\"Onur G\u00f6z\u00fcpek\",\"description\":\"Bili\u015fim Doktoru, kriptopara merakl\u0131s\u0131, teknoloji tutkunu\",\"potentialAction\":[{\"@type\":\"SearchAction\",\"target\":{\"@type\":\"EntryPoint\",\"urlTemplate\":\"https:\\\/\\\/onurgozupek.com\\\/?s={search_term_string}\"},\"query-input\":{\"@type\":\"PropertyValueSpecification\",\"valueRequired\":true,\"valueName\":\"search_term_string\"}}],\"inLanguage\":\"en-US\"}]}<\/script>\n<!-- \/ Yoast SEO plugin. -->","yoast_head_json":{"title":"About - Onur G\u00f6z\u00fcpek","robots":{"index":"index","follow":"follow","max-snippet":"max-snippet:-1","max-image-preview":"max-image-preview:large","max-video-preview":"max-video-preview:-1"},"canonical":"https:\/\/onurgozupek.com\/en\/about\/","og_locale":"en_US","og_type":"article","og_title":"About - Onur G\u00f6z\u00fcpek","og_description":"Hello, I was born in 1981 in Gemlik, district of Bursa. My uncle wanted my name &#8220;to live as his name&#8221; as Onur (Onur means honour in English) My father didn&#8217;t discourage him. From the second class to end of high school was in Gemlik. In one of his poems Orhan Veli said &#8220;Towards Gemlik","og_url":"https:\/\/onurgozupek.com\/en\/about\/","og_site_name":"Onur G\u00f6z\u00fcpek","article_modified_time":"2020-01-27T09:17:41+00:00","og_image":[{"url":"http:\/\/www.onurgozupek.com\/wp-content\/uploads\/2015\/08\/onur_256x256.jpg","type":"","width":"","height":""}],"twitter_card":"summary_large_image","twitter_misc":{"Est. reading time":"2 minutes"},"schema":{"@context":"https:\/\/schema.org","@graph":[{"@type":"WebPage","@id":"https:\/\/onurgozupek.com\/en\/about\/","url":"https:\/\/onurgozupek.com\/en\/about\/","name":"About - Onur G\u00f6z\u00fcpek","isPartOf":{"@id":"https:\/\/onurgozupek.com\/#website"},"primaryImageOfPage":{"@id":"https:\/\/onurgozupek.com\/en\/about\/#primaryimage"},"image":{"@id":"https:\/\/onurgozupek.com\/en\/about\/#primaryimage"},"thumbnailUrl":"http:\/\/www.onurgozupek.com\/wp-content\/uploads\/2015\/08\/onur_256x256.jpg","datePublished":"2007-08-08T14:20:37+00:00","dateModified":"2020-01-27T09:17:41+00:00","breadcrumb":{"@id":"https:\/\/onurgozupek.com\/en\/about\/#breadcrumb"},"inLanguage":"en-US","potentialAction":[{"@type":"ReadAction","target":["https:\/\/onurgozupek.com\/en\/about\/"]}]},{"@type":"ImageObject","inLanguage":"en-US","@id":"https:\/\/onurgozupek.com\/en\/about\/#primaryimage","url":"http:\/\/www.onurgozupek.com\/wp-content\/uploads\/2015\/08\/onur_256x256.jpg","contentUrl":"http:\/\/www.onurgozupek.com\/wp-content\/uploads\/2015\/08\/onur_256x256.jpg"},{"@type":"BreadcrumbList","@id":"https:\/\/onurgozupek.com\/en\/about\/#breadcrumb","itemListElement":[{"@type":"ListItem","position":1,"name":"Ana sayfa","item":"https:\/\/onurgozupek.com\/"},{"@type":"ListItem","position":2,"name":"About"}]},{"@type":"WebSite","@id":"https:\/\/onurgozupek.com\/#website","url":"https:\/\/onurgozupek.com\/","name":"Onur G\u00f6z\u00fcpek","description":"Bili\u015fim Doktoru, kriptopara merakl\u0131s\u0131, teknoloji tutkunu","potentialAction":[{"@type":"SearchAction","target":{"@type":"EntryPoint","urlTemplate":"https:\/\/onurgozupek.com\/?s={search_term_string}"},"query-input":{"@type":"PropertyValueSpecification","valueRequired":true,"valueName":"search_term_string"}}],"inLanguage":"en-US"}]}},"jetpack_sharing_enabled":true,"jetpack_shortlink":"https:\/\/wp.me\/P78VuG-Kn","jetpack-related-posts":[],"_links":{"self":[{"href":"https:\/\/onurgozupek.com\/en\/wp-json\/wp\/v2\/pages\/2875","targetHints":{"allow":["GET"]}}],"collection":[{"href":"https:\/\/onurgozupek.com\/en\/wp-json\/wp\/v2\/pages"}],"about":[{"href":"https:\/\/onurgozupek.com\/en\/wp-json\/wp\/v2\/types\/page"}],"author":[{"embeddable":true,"href":"https:\/\/onurgozupek.com\/en\/wp-json\/wp\/v2\/users\/1"}],"replies":[{"embeddable":true,"href":"https:\/\/onurgozupek.com\/en\/wp-json\/wp\/v2\/comments?post=2875"}],"version-history":[{"count":3,"href":"https:\/\/onurgozupek.com\/en\/wp-json\/wp\/v2\/pages\/2875\/revisions"}],"predecessor-version":[{"id":3406,"href":"https:\/\/onurgozupek.com\/en\/wp-json\/wp\/v2\/pages\/2875\/revisions\/3406"}],"wp:attachment":[{"href":"https:\/\/onurgozupek.com\/en\/wp-json\/wp\/v2\/media?parent=2875"}],"curies":[{"name":"wp","href":"https:\/\/api.w.org\/{rel}","templated":true}]}}